{"id":73,"date":"2025-07-09T08:15:01","date_gmt":"2025-07-09T08:15:01","guid":{"rendered":"https:\/\/lothar.r-dev.de\/?page_id=73"},"modified":"2025-07-09T09:12:32","modified_gmt":"2025-07-09T09:12:32","slug":"73-2","status":"publish","type":"page","link":"https:\/\/lothar.r-dev.de\/?page_id=73","title":{"rendered":"datenschutz \/ impressum"},"content":{"rendered":"\n<h1 class=\"wp-block-heading\">datenschutz \/ impressum<\/h1>\n\n\n\n<hr class=\"wp-block-separator has-alpha-channel-opacity\" id=\"block-d0ed6583-ce50-4946-97f1-b9581b494e93\"\/>\n\n\n\n<h3 class=\"wp-block-heading\">Praxis f\u00fcr Systemische Therapie &amp; Beratung<\/h3>\n\n\n\n<p id=\"block-f10a62ce-886d-4b61-bc2b-3e199b7e8ee6\"><\/p>\n\n\n\n<p id=\"block-f10a62ce-886d-4b61-bc2b-3e199b7e8ee6\"><\/p>\n\n\n\n<p><span style=\"text-decoration: underline;\"><strong>Impressum:<\/strong><\/span><\/p>\n\n\n\n<div class=\"wp-block-columns is-layout-flex wp-container-core-columns-is-layout-28f84493 wp-block-columns-is-layout-flex\">\n<div class=\"wp-block-column is-layout-flow wp-block-column-is-layout-flow\"><\/div>\n<\/div>\n\n\n\n<p><span style=\"text-decoration: underline;\">Inhaber\/Betreiber:<\/span><\/p>\n\n\n\n<p>Lothar Woll<\/p>\n\n\n\n<p>In den Weiherg\u00e4rten 28<\/p>\n\n\n\n<p>66557 Illingen<\/p>\n\n\n\n<p>Mobil: 0178\/6902329<\/p>\n\n\n\n<p>Mail: beratung-woll@t-online.de<\/p>\n\n\n\n<div class=\"wp-block-columns is-layout-flex wp-container-core-columns-is-layout-28f84493 wp-block-columns-is-layout-flex\">\n<div class=\"wp-block-column is-layout-flow wp-block-column-is-layout-flow\"><\/div>\n<\/div>\n\n\n\n<p><span style=\"text-decoration: underline;\">Zust\u00e4ndige Aufsichtsbeh\u00f6rde:<\/span><\/p>\n\n\n\n<p>Gesundheitsamt Landkreis Neunkirchen<\/p>\n\n\n\n<p>Lindenallee 13<\/p>\n\n\n\n<p>66538 Neunkirchen<\/p>\n\n\n\n<p>Tel: 06824-906828<\/p>\n\n\n\n<p>Mail:&nbsp;<a href=\"mailto:gesundheitsamt@landkreis-neunkirchen.de\">gesundheitsamt@landkreis-neunkirchen.de<\/a><\/p>\n\n\n\n<div class=\"wp-block-columns is-layout-flex wp-container-core-columns-is-layout-28f84493 wp-block-columns-is-layout-flex\">\n<div class=\"wp-block-column is-layout-flow wp-block-column-is-layout-flow\">\n<hr class=\"wp-block-separator has-alpha-channel-opacity\"\/>\n<\/div>\n<\/div>\n\n\n\n<p><span style=\"text-decoration: underline;\">Rechtliche Hinweise:<\/span><\/p>\n\n\n\n<p>Diese Internetpr\u00e4senz und s\u00e4mtliche enthaltene Beitr\u00e4ge sind urheberrechtlich gesch\u00fctzt. Die \u00dcbernahme von Inhalten und Beitr\u00e4gen zu nicht privaten Zwecken bedarf der ausdr\u00fccklichen schriftlichen Zustimmung durch den Inhaber dieser Internetseite.<\/p>\n\n\n\n<p>Der Inhaber \u00fcbernimmt keinerlei Gew\u00e4hr f\u00fcr die Aktualit\u00e4t, Korrektheit, Vollst\u00e4ndigkeit oder Qualit\u00e4t der bereitgestellten Informationen. Haftungsanspr\u00fcche gegen den Inhaber welche sich auf Sch\u00e4den materieller oder ideeller Art beziehen, die durch die Nutzung oder Nichtnutzung der dargebotenen Informationen bzw. durch die Nutzung fehlerhafter und unvollst\u00e4ndiger Informationen verursacht wurden, sind grunds\u00e4tzlich ausgeschlossen, sofern seitens des Inhabers kein nachweislich vors\u00e4tzliches oder grob fahrl\u00e4ssiges Verschulden vorliegt.<\/p>\n\n\n\n<p>Alle Angebote sind freibleibend und unverbindlich. Der Inhaber beh\u00e4lt es sich ausdr\u00fccklich vor, Teile der Seiten oder das gesamte Angebot ohne gesonderte Ank\u00fcndigung zu ver\u00e4ndern, zu erg\u00e4nzen, zu l\u00f6schen oder die Ver\u00f6ffentlichung zeitweise oder endg\u00fcltig einzustellen.<\/p>\n\n\n\n<p>Haftungshinweis: Trotz sorgf\u00e4ltiger inhaltlicher Kontrolle \u00fcbernimmt der Inhaber keine Haftung f\u00fcr die Inhalte externer Links. F\u00fcr den Inhalt der verlinkten Seiten sind ausschlie\u00dflich deren Betreiber verantwortlich.<\/p>\n\n\n\n<div class=\"wp-block-columns is-layout-flex wp-container-core-columns-is-layout-28f84493 wp-block-columns-is-layout-flex\">\n<div class=\"wp-block-column is-layout-flow wp-block-column-is-layout-flow\">\n<hr class=\"wp-block-separator has-alpha-channel-opacity\"\/>\n<\/div>\n<\/div>\n\n\n\n<p><strong><span style=\"text-decoration: underline;\">Datenschutzerkl\u00e4rung<\/span><\/strong>:<\/p>\n\n\n\n<p>Die Betreiber dieser Seiten (siehe Impresum) nehmen den Schutz Ihrer pers\u00f6nlichen Daten sehr ernst. Wir behandeln Ihre personenbezogenen Daten vertraulich und entsprechend der gesetzlichen Datenschutzvorschriften sowie dieser Datenschutzerkl\u00e4rung.<\/p>\n\n\n\n<p>Die Nutzung unserer Webseite ist in der Regel ohne Angabe personenbezogener Daten m\u00f6glich. Soweit auf unseren Seiten personenbezogene Daten (beispielsweise Name, Anschrift oder E-Mail-Adressen) erhoben werden, erfolgt dies, soweit m\u00f6glich, stets auf freiwilliger Basis. Diese Daten werden ohne Ihre ausdr\u00fcckliche Zustimmung nicht an Dritte weitergegeben.<\/p>\n\n\n\n<p>Wir weisen darauf hin, dass die Daten\u00fcbertragung im Internet (z.B. bei der Kommunikation per E-Mail) Sicherheitsl\u00fccken aufweisen kann. Ein l\u00fcckenloser Schutz der Daten vor dem Zugriff durch Dritte ist nicht m\u00f6glich.<\/p>\n\n\n\n<p>Unsere Website wird \u00fcber Strato AG (Pascalstr. 10, 10587 Berlin) angeboten. Unter www.strato.de k\u00f6nnen Sie die entsprechenden Datenschutzerkl\u00e4rung finden.<\/p>\n\n\n\n<hr class=\"wp-block-separator has-alpha-channel-opacity\"\/>\n\n\n\n<p><span style=\"text-decoration: underline;\">Datenschutzerkl\u00e4rung f\u00fcr die Nutzung von Google Analytics<\/span><\/p>\n\n\n\n<p>Diese Website nutzt Funktionen des Webanalysedienstes Google Analytics. Anbieter ist die Google Inc. 1600 Amphitheatre Parkway Mountain View, CA 94043, USA. Google Analytics verwendet sog. &#8222;Cookies&#8220;. Das sind Textdateien, die auf Ihrem Computer gespeichert werden und die eine Analyse der Benutzung der Website durch Sie erm\u00f6glichen. Die durch den Cookie erzeugten Informationen \u00fcber Ihre Benutzung dieser Website werden in der Regel an einen Server von Google in den USA \u00fcbertragen und dort gespeichert.<\/p>\n\n\n\n<p>Im Falle der Aktivierung der IP-Anonymisierung auf dieser Webseite wird Ihre IP-Adresse von Google jedoch innerhalb von Mitgliedstaaten der Europ\u00e4ischen Union oder in anderen Vertragsstaaten des Abkommens \u00fcber den Europ\u00e4ischen Wirtschaftsraum zuvor gek\u00fcrzt. Nur in Ausnahmef\u00e4llen wird die volle IP-Adresse an einen Server von Google in den USA \u00fcbertragen und dort gek\u00fcrzt. Im Auftrag des Betreibers dieser Website wird Google diese Informationen benutzen, um Ihre Nutzung der Website auszuwerten, um Reports \u00fcber die Websiteaktivit\u00e4ten zusammenzustellen und um weitere mit der Websitenutzung und der Internetnutzung verbundene Dienstleistungen gegen\u00fcber dem Websitebetreiber zu erbringen. Die im Rahmen von Google Analytics von Ihrem Browser \u00fcbermittelte IP-Adresse wird nicht mit anderen Daten von Google zusammengef\u00fchrt.<\/p>\n\n\n\n<p>Sie k\u00f6nnen die Speicherung der Cookies durch eine entsprechende Einstellung Ihrer Browser-Software verhindern; wir weisen Sie jedoch darauf hin, dass Sie in diesem Fall gegebenenfalls nicht s\u00e4mtliche Funktionen dieser Website vollumf\u00e4nglich werden nutzen k\u00f6nnen.<\/p>\n\n\n\n<div class=\"wp-block-columns is-layout-flex wp-container-core-columns-is-layout-28f84493 wp-block-columns-is-layout-flex\">\n<div class=\"wp-block-column is-layout-flow wp-block-column-is-layout-flow\">\n<hr class=\"wp-block-separator has-alpha-channel-opacity\"\/>\n<\/div>\n<\/div>\n\n\n\n<p><strong><span style=\"text-decoration: underline;\">Auskunft, L\u00f6schung, Sperrung<\/span><\/strong><\/p>\n\n\n\n<p>Sie haben jederzeit das Recht auf unentgeltliche Auskunft \u00fcber Ihre gespeicherten personenbezogenen Daten, deren Herkunft und Empf\u00e4nger und den Zweck der Datenverarbeitung sowie ein Recht auf Berichtigung, Sperrung oder L\u00f6schung dieser Daten. Hierzu sowie zu weiteren Fragen zum Thema personenbezogene Daten k\u00f6nnen Sie sich jederzeit unter der im Impressum angegebenen Adresse an uns wenden.<\/p>\n\n\n\n<hr class=\"wp-block-separator has-alpha-channel-opacity\"\/>\n\n\n\n<p><strong><span style=\"text-decoration: underline;\">Cookies<\/span><\/strong><\/p>\n\n\n\n<p>Die Internetseiten verwenden teilweise so genannte Cookies. Cookies richten auf Ihrem Rechner keinen Schaden an und enthalten keine Viren. Cookies dienen dazu, unser Angebot nutzerfreundlicher, effektiver und sicherer zu machen. Cookies sind kleine Textdateien, die auf Ihrem Rechner abgelegt werden und die Ihr Browser speichert.<\/p>\n\n\n\n<p>Die meisten der von uns verwendeten Cookies sind so genannte \u201eSession-Cookies\u201c. Sie werden nach Ende Ihres Besuchs automatisch gel\u00f6scht. Andere Cookies bleiben auf Ihrem Endger\u00e4t gespeichert, bis Sie diese l\u00f6schen. Diese Cookies erm\u00f6glichen es uns, Ihren Browser beim n\u00e4chsten Besuch wiederzuerkennen.<\/p>\n\n\n\n<p>Sie k\u00f6nnen Ihren Browser so einstellen, dass Sie \u00fcber das Setzen von Cookies informiert werden und Cookies nur im Einzelfall erlauben, die Annahme von Cookies f\u00fcr bestimmte F\u00e4lle oder generell ausschlie\u00dfen sowie das automatische L\u00f6schen der Cookies beim Schlie\u00dfen des Browser aktivieren. Bei der Deaktivierung von Cookies kann die Funktionalit\u00e4t dieser Website eingeschr\u00e4nkt sein.<\/p>\n\n\n\n<hr class=\"wp-block-separator has-alpha-channel-opacity\"\/>\n\n\n\n<p><span style=\"text-decoration: underline;\">Server-Log-Files<\/span><\/p>\n\n\n\n<p>Der Provider der Seiten erhebt und speichert automatisch Informationen in so genannten Server-Log Files, die Ihr Browser automatisch an uns \u00fcbermittelt. Dies sind:Browsertyp\/ Browserversion, verwendetes Betriebssystem, Referrer URL, Hostname des zugreifenden Rechners, Uhrzeit der Serveranfrage.<\/p>\n\n\n\n<p>Diese Daten sind nicht bestimmten Personen zuordenbar. Eine Zusammenf\u00fchrung dieser Daten mit anderen Datenquellen wird nicht vorgenommen. Wir behalten uns vor, diese Daten nachtr\u00e4glich zu pr\u00fcfen, wenn uns konkrete Anhaltspunkte f\u00fcr eine rechtswidrige Nutzung bekannt werden.<\/p>\n\n\n\n<hr class=\"wp-block-separator has-alpha-channel-opacity\"\/>\n\n\n\n<p><strong><span style=\"text-decoration: underline;\">Datenschutzbestimmungen zum Einsatz und Verwendung von gratis-besucherzaehler.de<\/span><\/strong><\/p>\n\n\n\n<p>Der f\u00fcr die Verarbeitung Verantwortliche hat auf dieser&nbsp;Webseite einen Besucherz\u00e4hler von gratis-besucherzaehler.de integriert. gratis-besucherzaehler.de ist eine deutsche Webseite die Besucherz\u00e4hler f\u00fcr die Nutzung auf der eigenen Webseite anbietet. Ein Besucherz\u00e4hler erfasst Daten dar\u00fcber, wann eine betroffene Person auf eine Webseite gekommen ist (sogenannter Timestamp) und mit welcher IP-Adresse (in gek\u00fcrzter Form) der Zugriff erfolgte.<\/p>\n\n\n\n<p>Ein Besucherz\u00e4hler wird zur Bestimmung der Anzahl der Zugriffe auf der eigenen Webseite eingesetzt.<\/p>\n\n\n\n<p>Betreiber von gratis-besucherzaehler.de ist die Privatperson Jonas Becker, Franzstr. 107-109, 52064 Aachen, Deutschland<\/p>\n\n\n\n<p>Der Zweck des Besucherz\u00e4hlers ist das Z\u00e4hlen der Besucherstr\u00f6me auf unserer Webseite. gratis-besucherzaehler.de nutzt die gewonnenen Daten und Informationen dazu, die Anzahl der Nutzer unserer Webseite eindeutig zu bestimmen, um f\u00fcr uns ein Widget bereitzustellen, welches die Aktivit\u00e4ten auf unserer Webseite aufzeigt und das wir sichtbar bei uns auf der Webseite einbinden k\u00f6nnen.<\/p>\n\n\n\n<p>gratis-besucherzaehler.de setzt ein Cookie, eine kleine Textdateien, die lokal im Zwischenspeicher des Internet-Browsers des Seitenbesuchers gespeichert werden, auf dem System (Computer, Smartphone, u. \u00c4.) der betroffenen Person, Mit Setzung des Cookies wird gratis-besucherzaehler.de eine Z\u00e4hlung der Nutzer unserer Webseite erm\u00f6glicht. Durch jeden Aufruf einer der Einzelseiten dieser Webseite, die durch den f\u00fcr die Verarbeitung Verantwortlichen betrieben wird und auf welcher ein Besucherz\u00e4hler von gratis-besucherzaehler.de integriert wurde, wird der Internetbrowser auf dem System der betroffenen Person automatisch durch die jeweiligen Besucherz\u00e4hler veranlasst, Daten zum Zwecke der Z\u00e4hlung an gratis-besucherzaehler.de zu \u00fcbermitteln. Im Rahmen dieses technischen Verfahrens erh\u00e4lt gratis-besucherzaehler.de Kenntnis \u00fcber personenbezogene Daten, wie der IP-Adresse (in gek\u00fcrzter Form) der betroffenen Person, und den Zugriffzeitpunkt die gratis-besucherzaehler.de dazu dienen, die Anzahl der Besucher eindeutig nachzuvollziehen und in der Folge eine korrekte Z\u00e4hlung der Nutzer durchzuf\u00fchren.<\/p>\n\n\n\n<p>Die erhobenen Daten werden nicht an Dritte weitergegeben. Die erhobenen Daten werden alle 48 Stunden vollst\u00e4ndig gel\u00f6scht.<\/p>\n\n\n\n<p>Die betroffene Person kann die Setzung von Cookies durch unsere Webseite jederzeit mittels einer entsprechenden Einstellung des genutzten Internetbrowsers verhindern und damit der Setzung von Cookies dauerhaft widersprechen. Eine solche Einstellung des genutzten Internetbrowsers w\u00fcrde auch verhindern, dass gratis-besucherzaehler.de ein Cookie auf dem informationstechnologischen System der betroffenen Person setzt. Zudem kann ein von gratis-besucherzaehler.de bereits gesetzter Cookie jederzeit \u00fcber den Internetbrowser gel\u00f6scht werden.<\/p>\n\n\n\n<p>Weitere Informationen und die geltenden Datenschutzbestimmungen von gratis-besucherzaehler.de k\u00f6nnen unter&nbsp;<a href=\"http:\/\/www.gratis-besucherzaehler.de\/datenschutz.php\">http:\/\/www.gratis-besucherzaehler.de\/datenschutz.php<\/a>&nbsp;abgerufen werden.<\/p>\n\n\n\n<p>&nbsp;&nbsp;&nbsp;&nbsp;&nbsp;&nbsp;&nbsp;&nbsp;&nbsp;&nbsp;&nbsp;&nbsp;&nbsp;&nbsp;&nbsp;&nbsp;&nbsp;&nbsp;&nbsp;&nbsp;&nbsp;&nbsp;&nbsp;&nbsp;&nbsp;&nbsp;&nbsp;&nbsp;&nbsp;&nbsp;&nbsp;&nbsp;&nbsp;&nbsp;&nbsp;&nbsp;&nbsp;&nbsp;&nbsp;&nbsp;&nbsp;&nbsp;&nbsp;&nbsp;&nbsp;&nbsp;&nbsp;&nbsp;&nbsp;&nbsp;&nbsp;&nbsp;&nbsp;&nbsp;&nbsp;&nbsp;&nbsp;&nbsp;&nbsp; Aktueller Stand: 12.2024<\/p>\n","protected":false},"excerpt":{"rendered":"<p>datenschutz \/ impressum Praxis f\u00fcr Systemische Therapie &amp; Beratung Impressum: Inhaber\/Betreiber: Lothar Woll In den Weiherg\u00e4rten 28 66557 Illingen Mobil: 0178\/6902329 Mail: beratung-woll@t-online.de Zust\u00e4ndige Aufsichtsbeh\u00f6rde: Gesundheitsamt Landkreis Neunkirchen Lindenallee 13 66538 Neunkirchen Tel: 06824-906828 Mail:&nbsp;gesundheitsamt@landkreis-neunkirchen.de Rechtliche Hinweise: Diese Internetpr\u00e4senz und s\u00e4mtliche enthaltene Beitr\u00e4ge sind urheberrechtlich gesch\u00fctzt. Die \u00dcbernahme von Inhalten und Beitr\u00e4gen zu nicht privaten [&hellip;]<\/p>\n","protected":false},"author":1,"featured_media":0,"parent":0,"menu_order":0,"comment_status":"closed","ping_status":"closed","template":"","meta":{"footnotes":""},"class_list":["post-73","page","type-page","status-publish","hentry"],"_links":{"self":[{"href":"https:\/\/lothar.r-dev.de\/index.php?rest_route=\/wp\/v2\/pages\/73","targetHints":{"allow":["GET"]}}],"collection":[{"href":"https:\/\/lothar.r-dev.de\/index.php?rest_route=\/wp\/v2\/pages"}],"about":[{"href":"https:\/\/lothar.r-dev.de\/index.php?rest_route=\/wp\/v2\/types\/page"}],"author":[{"embeddable":true,"href":"https:\/\/lothar.r-dev.de\/index.php?rest_route=\/wp\/v2\/users\/1"}],"replies":[{"embeddable":true,"href":"https:\/\/lothar.r-dev.de\/index.php?rest_route=%2Fwp%2Fv2%2Fcomments&post=73"}],"version-history":[{"count":16,"href":"https:\/\/lothar.r-dev.de\/index.php?rest_route=\/wp\/v2\/pages\/73\/revisions"}],"predecessor-version":[{"id":93,"href":"https:\/\/lothar.r-dev.de\/index.php?rest_route=\/wp\/v2\/pages\/73\/revisions\/93"}],"wp:attachment":[{"href":"https:\/\/lothar.r-dev.de\/index.php?rest_route=%2Fwp%2Fv2%2Fmedia&parent=73"}],"curies":[{"name":"wp","href":"https:\/\/api.w.org\/{rel}","templated":true}]}}