{"id":27,"date":"2025-06-26T13:39:24","date_gmt":"2025-06-26T13:39:24","guid":{"rendered":"https:\/\/lothar.r-dev.de\/?page_id=27"},"modified":"2025-07-09T09:17:29","modified_gmt":"2025-07-09T09:17:29","slug":"kosten","status":"publish","type":"page","link":"https:\/\/lothar.r-dev.de\/?page_id=27","title":{"rendered":"kosten"},"content":{"rendered":"\n<div class=\"wp-block-columns is-layout-flex wp-container-core-columns-is-layout-28f84493 wp-block-columns-is-layout-flex\">\n<div class=\"wp-block-column is-layout-flow wp-block-column-is-layout-flow\">\n<div class=\"wp-block-columns is-layout-flex wp-container-core-columns-is-layout-28f84493 wp-block-columns-is-layout-flex\">\n<div class=\"wp-block-column is-layout-flow wp-block-column-is-layout-flow\">\n<h1 class=\"wp-block-heading\">kosten<\/h1>\n<\/div>\n<\/div>\n<\/div>\n<\/div>\n\n\n\n<hr class=\"wp-block-separator has-alpha-channel-opacity\"\/>\n\n\n\n<p><strong><span style=\"text-decoration: underline;\">Termine<\/span>:&nbsp;&nbsp;<\/strong><\/p>\n\n\n\n<ul class=\"wp-block-list\">\n<li>nach<strong>&nbsp;<\/strong>telefonischer Vereinbarung (0178 &#8211; 690 23 29)<\/li>\n\n\n\n<li>auch kurzfristige Termine m\u00f6glich<\/li>\n<\/ul>\n\n\n\n<p><strong><span style=\"text-decoration: underline;\">Kosten<\/span>:<\/strong>&nbsp;&nbsp;&nbsp;&nbsp;&nbsp;&nbsp;&nbsp;<\/p>\n\n\n\n<ul class=\"wp-block-list\">\n<li>Einzeltherapie: 90,- \u20ac \u00e1 60 Min<\/li>\n\n\n\n<li>Paartherapie: 120,- \u20ac \u00e1 60 Min<\/li>\n\n\n\n<li>Supervisionen: 100,- \u20ac \u00e1 60 Min<\/li>\n<\/ul>\n\n\n\n<div class=\"wp-block-columns is-layout-flex wp-container-core-columns-is-layout-28f84493 wp-block-columns-is-layout-flex\">\n<div class=\"wp-block-column is-layout-flow wp-block-column-is-layout-flow\">\n<p>Die Kosten werden normalerweise&nbsp;<strong>nicht&nbsp;<\/strong>von den Krankenkassen \u00fcbernommen.<\/p>\n\n\n\n<p>Eine Kosten\u00fcbernahme durch private Krankenversicherungen oder private Zusatzversicherungen bei gesetzlich versicherten Personen h\u00e4ngt von den individuell abgeschlossenen Versicherungsvertr\u00e4gen ab. Bitte treten Sie dazu mit Ihrer privaten Krankenversicherung oder Zusatzversicherung&nbsp;<strong>vor Beginn<\/strong>&nbsp;der psychologischen Gespr\u00e4che in Kontakt.<\/p>\n\n\n\n<p>Melden Sie sich bei Interesse doch einfach f\u00fcr ein Erstgespr\u00e4ch. Dann k\u00f6nnen Sie sich selbst ein Bild machen, ob ich der Richtige f\u00fcr Sie bin und weitere Fragen abkl\u00e4ren.<\/p>\n\n\n\n<p>Ich freue mich auf Ihren Anruf bzw. Ihre E-Mail.<\/p>\n<\/div>\n<\/div>\n","protected":false},"excerpt":{"rendered":"<p>kosten Termine:&nbsp;&nbsp; Kosten:&nbsp;&nbsp;&nbsp;&nbsp;&nbsp;&nbsp;&nbsp; Die Kosten werden normalerweise&nbsp;nicht&nbsp;von den Krankenkassen \u00fcbernommen. Eine Kosten\u00fcbernahme durch private Krankenversicherungen oder private Zusatzversicherungen bei gesetzlich versicherten Personen h\u00e4ngt von den individuell abgeschlossenen Versicherungsvertr\u00e4gen ab. Bitte treten Sie dazu mit Ihrer privaten Krankenversicherung oder Zusatzversicherung&nbsp;vor Beginn&nbsp;der psychologischen Gespr\u00e4che in Kontakt. Melden Sie sich bei Interesse doch einfach f\u00fcr ein Erstgespr\u00e4ch. Dann [&hellip;]<\/p>\n","protected":false},"author":1,"featured_media":0,"parent":0,"menu_order":0,"comment_status":"closed","ping_status":"closed","template":"","meta":{"footnotes":""},"class_list":["post-27","page","type-page","status-publish","hentry"],"_links":{"self":[{"href":"https:\/\/lothar.r-dev.de\/index.php?rest_route=\/wp\/v2\/pages\/27","targetHints":{"allow":["GET"]}}],"collection":[{"href":"https:\/\/lothar.r-dev.de\/index.php?rest_route=\/wp\/v2\/pages"}],"about":[{"href":"https:\/\/lothar.r-dev.de\/index.php?rest_route=\/wp\/v2\/types\/page"}],"author":[{"embeddable":true,"href":"https:\/\/lothar.r-dev.de\/index.php?rest_route=\/wp\/v2\/users\/1"}],"replies":[{"embeddable":true,"href":"https:\/\/lothar.r-dev.de\/index.php?rest_route=%2Fwp%2Fv2%2Fcomments&post=27"}],"version-history":[{"count":5,"href":"https:\/\/lothar.r-dev.de\/index.php?rest_route=\/wp\/v2\/pages\/27\/revisions"}],"predecessor-version":[{"id":96,"href":"https:\/\/lothar.r-dev.de\/index.php?rest_route=\/wp\/v2\/pages\/27\/revisions\/96"}],"wp:attachment":[{"href":"https:\/\/lothar.r-dev.de\/index.php?rest_route=%2Fwp%2Fv2%2Fmedia&parent=27"}],"curies":[{"name":"wp","href":"https:\/\/api.w.org\/{rel}","templated":true}]}}