{"id":23,"date":"2025-06-26T13:35:19","date_gmt":"2025-06-26T13:35:19","guid":{"rendered":"https:\/\/lothar.r-dev.de\/?page_id=23"},"modified":"2025-07-09T09:19:00","modified_gmt":"2025-07-09T09:19:00","slug":"ueber-mich-1","status":"publish","type":"page","link":"https:\/\/lothar.r-dev.de\/?page_id=23","title":{"rendered":"\u00fcber mich"},"content":{"rendered":"\n<div class=\"wp-block-columns is-layout-flex wp-container-core-columns-is-layout-28f84493 wp-block-columns-is-layout-flex\">\n<div class=\"wp-block-column is-layout-flow wp-block-column-is-layout-flow\">\n<h1 class=\"wp-block-heading\">\u00fcber mich<\/h1>\n<\/div>\n<\/div>\n\n\n\n<hr class=\"wp-block-separator has-alpha-channel-opacity is-style-default\"\/>\n\n\n\n<div class=\"wp-block-columns is-layout-flex wp-container-core-columns-is-layout-28f84493 wp-block-columns-is-layout-flex\">\n<div class=\"wp-block-column is-layout-flow wp-block-column-is-layout-flow\" style=\"flex-basis:33.33%\">\n<figure class=\"wp-block-image size-full\"><img loading=\"lazy\" decoding=\"async\" width=\"142\" height=\"211\" src=\"https:\/\/lothar.r-dev.de\/wp-content\/uploads\/2025\/06\/Woll_Lothar_2014-120.jpg\" alt=\"\" class=\"wp-image-19\"\/><\/figure>\n<\/div>\n\n\n\n<div class=\"wp-block-column is-layout-flow wp-block-column-is-layout-flow\" style=\"flex-basis:66.66%\">\n<p><strong><span style=\"text-decoration: underline;\">Berufliche Qualifikationen<\/span><\/strong><\/p>\n\n\n\n<ul class=\"wp-block-list\">\n<li>Diplom-Psychologe (Universit\u00e4t des Saarlandes)<\/li>\n\n\n\n<li>-Systemischer Therapeut und Berater&nbsp;(SG)<\/li>\n\n\n\n<li>-Systemischer Kinder- und Jugendlichentherapeut (IF Weinheim)<\/li>\n\n\n\n<li>-Traumap\u00e4dagoge und traumazentrierter Fachberater (DeGPT)<\/li>\n\n\n\n<li>-Psychotherapie nach Heilpraktikergesetz<\/li>\n<\/ul>\n<\/div>\n<\/div>\n\n\n\n<p class=\"has-text-align-center\"><\/p>\n\n\n\n<figure class=\"wp-block-image size-full\"><img loading=\"lazy\" decoding=\"async\" width=\"300\" height=\"28\" src=\"https:\/\/lothar.r-dev.de\/wp-content\/uploads\/2025\/06\/shapeimage_1-1.png\" alt=\"\" class=\"wp-image-20\"\/><\/figure>\n\n\n\n<div class=\"wp-block-columns is-layout-flex wp-container-core-columns-is-layout-28f84493 wp-block-columns-is-layout-flex\">\n<div class=\"wp-block-column is-layout-flow wp-block-column-is-layout-flow\">\n<p>Liebe Klienten,<\/p>\n\n\n\n<p>manchmal steht man im Leben vor Problemen, die man nicht alleine zu l\u00f6sen vermag. In solchen Momenten kann es sehr hilfreich sein, einen externen Ansprechpartner zu haben, um einen anderen, neuen Blick auf diese Probleme zu erhalten und dadurch alternative L\u00f6sungen zu generieren. Hierbei m\u00f6chte ich Ihnen behilflich sein und mich im Folgenden kurz vorstellen:<\/p>\n\n\n\n<p>Ich wurde geboren im September 1972, bin verheiratet und Vater von 2 Kindern.<\/p>\n\n\n\n<p class=\"has-contrast-color has-text-color has-link-color wp-elements-375a5fda2a3b00b8c6887e3273a0afc9\">Seit 2013 arbeite ich hauptberuflich in der \u201eBeratungsstelle Phoenix\u201c, einer Beratungsstelle&nbsp; gegen sexuelle Ausbeutung von Jungen (<a href=\"http:\/\/www.phoenix.awo-saarland.de\/\" target=\"_blank\" rel=\"noreferrer noopener\">www.phoenix.awo-saarland.de<\/a>). Mitte 2016 wurde mir die Leitung der Beratungsstelle \u00fcbertragen.<\/p>\n\n\n\n<p>Hierbei unterst\u00fctze ich \u00fcberwiegend traumatisierten Kinder und Jugendliche, aber auch deren Bezugspersonen (z.B. Eltern, Lehrer, Erzieher,etc) und Institutionen.&nbsp; Oftmals steht hierbei auch nicht die sexuellen Missbrauchserfahrungen im Vordergrund, sondern es werden \u201eganz allt\u00e4gliche\u201c Probleme besprochen, um wieder einen stabilen Alltag f\u00fcr die Betroffenen herzustellen.<\/p>\n\n\n\n<p>2011 entschloss ich mich aufgrund der gro\u00dfen Nachfrage zu einer freiberuflichen Nebent\u00e4tigkeit als systemischer Therapeut und psychologischer Berater. Um diese freiberufliche Nebent\u00e4tigkeit zu intensivieren, stieg ich im November 2014 in eine Praxis f\u00fcr Systemische Therapie ein, wo ich \u00fcberwiegend systemische Einzelberatungen f\u00fcr Erwachsene, Kinder und Jugendliche, sowie und Paarberatungen anbiete.<\/p>\n\n\n\n<p>Seit 2016 bin ich zudem in verschiedenen anderen Bereichen aktiv, z.B.<\/p>\n\n\n\n<ol class=\"wp-block-list\">\n<li>als Referent am \u201eWieslocher Institut f\u00fcr systemische L\u00f6sungen\u201c zum Thema \u201eTrauma\u201c<\/li>\n\n\n\n<li>als Referent f\u00fcr die \u201ePsychosozialen Notfallversorgung Saar\u201c zum Thema \u201eTrauerverarbeitung bei Kindern und Jugendlichen\u201c&nbsp;<\/li>\n\n\n\n<li>als Supervisor (z.B. f\u00fcr die Telefonseelsorge Saar, Kinderhospiz und Palliativteam Saar, verschiedene Kinderg\u00e4rten, Einzelsupervisionen, etc.)<\/li>\n\n\n\n<li>verschiedene Inhouse-Schulungen zum Thema \u201eTrauma\u201c (z.B. bei der AWO Saarland)<\/li>\n<\/ol>\n\n\n\n<p>Nach meinem Studium der Psychologie an der Universit\u00e4t des Saarlandes war ich zun\u00e4chst mehrere Jahre im Bereich der Erwachsenenbildung t\u00e4tig, bevor ich 2009 an die Bosenberg-Klinik nach St. Wendel wechselte. Dort reisten die Patienten aus ganz Deutschland an, um sich \u00fcberwiegend wegen Tinnitus, Ersch\u00f6pfungszust\u00e4nden, Depressionen, Anpassungsst\u00f6rungen und Traumatisierungen behandeln zu lassen.<\/p>\n\n\n\n<p>Meine Arbeitsweise ist durch meine bisherigen beruflichen Erfahrungen und Weiterbildungen sowohl systemisch als auch verhaltenstherapeutisch gepr\u00e4gt. In meiner Arbeit ist es mir daher besonders wichtig, mit meinen Klienten zusammen zu erarbeiten, wie sie ihren Alltag wieder \u201enormal\u201c bewerkstelligen k\u00f6nnen.<\/p>\n\n\n\n<p class=\"has-link-color wp-elements-d6abc89bc79bd0760e2692c778f3d00c\">Je nach Fragestellung arbeite ich auch in enger Kooperation mit \u201eDoris Sch\u00e4fer &#8211; Rehamanagement\u201c zusammen<a href=\"http:\/\/www.youtube.com\/watch?v=yYGwDe8zeHY&amp;feature=youtu.be\" target=\"_blank\" rel=\"noreferrer noopener\">&nbsp;http:\/\/www.youtube.com\/watch?v=yYGwDe8zeHY&amp;feature=youtu.be (externer Link)<\/a><\/p>\n<\/div>\n<\/div>\n","protected":false},"excerpt":{"rendered":"<p>\u00fcber mich Berufliche Qualifikationen Liebe Klienten, manchmal steht man im Leben vor Problemen, die man nicht alleine zu l\u00f6sen vermag. In solchen Momenten kann es sehr hilfreich sein, einen externen Ansprechpartner zu haben, um einen anderen, neuen Blick auf diese Probleme zu erhalten und dadurch alternative L\u00f6sungen zu generieren. Hierbei m\u00f6chte ich Ihnen behilflich sein [&hellip;]<\/p>\n","protected":false},"author":1,"featured_media":0,"parent":0,"menu_order":0,"comment_status":"closed","ping_status":"closed","template":"","meta":{"footnotes":""},"class_list":["post-23","page","type-page","status-publish","hentry"],"_links":{"self":[{"href":"https:\/\/lothar.r-dev.de\/index.php?rest_route=\/wp\/v2\/pages\/23","targetHints":{"allow":["GET"]}}],"collection":[{"href":"https:\/\/lothar.r-dev.de\/index.php?rest_route=\/wp\/v2\/pages"}],"about":[{"href":"https:\/\/lothar.r-dev.de\/index.php?rest_route=\/wp\/v2\/types\/page"}],"author":[{"embeddable":true,"href":"https:\/\/lothar.r-dev.de\/index.php?rest_route=\/wp\/v2\/users\/1"}],"replies":[{"embeddable":true,"href":"https:\/\/lothar.r-dev.de\/index.php?rest_route=%2Fwp%2Fv2%2Fcomments&post=23"}],"version-history":[{"count":9,"href":"https:\/\/lothar.r-dev.de\/index.php?rest_route=\/wp\/v2\/pages\/23\/revisions"}],"predecessor-version":[{"id":98,"href":"https:\/\/lothar.r-dev.de\/index.php?rest_route=\/wp\/v2\/pages\/23\/revisions\/98"}],"wp:attachment":[{"href":"https:\/\/lothar.r-dev.de\/index.php?rest_route=%2Fwp%2Fv2%2Fmedia&parent=23"}],"curies":[{"name":"wp","href":"https:\/\/api.w.org\/{rel}","templated":true}]}}